{"id":374,"date":"2018-07-09T18:28:39","date_gmt":"2018-07-09T17:28:39","guid":{"rendered":"http:\/\/karinewehbe.com\/?page_id=374"},"modified":"2018-08-29T17:59:19","modified_gmt":"2018-08-29T16:59:19","slug":"vivre-sa-vie","status":"publish","type":"page","link":"https:\/\/karinewehbe.com\/?page_id=374","title":{"rendered":"Vivre sa Vie"},"content":{"rendered":"\t\t<div data-elementor-type=\"wp-post\" data-elementor-id=\"374\" class=\"elementor elementor-374 elementor-bc-flex-widget\">\n\t\t\t\t\t\t<section class=\"elementor-section elementor-top-section elementor-element elementor-element-0d6b956 elementor-section-boxed elementor-section-height-default elementor-section-height-default\" data-id=\"0d6b956\" data-element_type=\"section\" data-e-type=\"section\">\n\t\t\t\t\t\t<div class=\"elementor-container elementor-column-gap-default\">\n\t\t\t\t\t<div class=\"elementor-column elementor-col-50 elementor-top-column elementor-element elementor-element-9505c67\" data-id=\"9505c67\" data-element_type=\"column\" data-e-type=\"column\">\n\t\t\t<div class=\"elementor-widget-wrap elementor-element-populated\">\n\t\t\t\t\t\t\t<\/div>\n\t\t<\/div>\n\t\t\t\t<div class=\"elementor-column elementor-col-50 elementor-top-column elementor-element elementor-element-73e4933\" data-id=\"73e4933\" data-element_type=\"column\" data-e-type=\"column\">\n\t\t\t<div class=\"elementor-widget-wrap\">\n\t\t\t\t\t\t\t<\/div>\n\t\t<\/div>\n\t\t\t\t\t<\/div>\n\t\t<\/section>\n\t\t\t\t<section class=\"elementor-section elementor-top-section elementor-element elementor-element-2366353 elementor-section-boxed elementor-section-height-default elementor-section-height-default\" data-id=\"2366353\" data-element_type=\"section\" data-e-type=\"section\">\n\t\t\t\t\t\t<div class=\"elementor-container elementor-column-gap-default\">\n\t\t\t\t\t<div class=\"elementor-column elementor-col-50 elementor-top-column elementor-element elementor-element-b2bee45\" data-id=\"b2bee45\" data-element_type=\"column\" data-e-type=\"column\">\n\t\t\t<div class=\"elementor-widget-wrap elementor-element-populated\">\n\t\t\t\t\t\t<div class=\"elementor-element elementor-element-d1678b8 elementor-widget elementor-widget-text-editor\" data-id=\"d1678b8\" data-element_type=\"widget\" data-e-type=\"widget\" data-widget_type=\"text-editor.default\">\n\t\t\t\t<div class=\"elementor-widget-container\">\n\t\t\t\t\t\t\t\t\t<p>Vivre sa Vie; paintings and publication (2006)<\/p><p>In 2006, I worked on Vivre sa Vie, a series of paintings and a publication, that was one of the last exhibitions at Espace SD (1999-2006).\u00a0<\/p><p>Vivre sa Vie is a visual reinterpretation of cinema&#8217;s notion of passion. All of the films I chose had a common story line where the protagonist carries their love to an extreme, even to possible death. Inspired and in parallel with, my own impossible story of love.<\/p>\t\t\t\t\t\t\t\t<\/div>\n\t\t\t\t<\/div>\n\t\t\t\t\t<\/div>\n\t\t<\/div>\n\t\t\t\t<div class=\"elementor-column elementor-col-50 elementor-top-column elementor-element elementor-element-e98a413\" data-id=\"e98a413\" data-element_type=\"column\" data-e-type=\"column\">\n\t\t\t<div class=\"elementor-widget-wrap\">\n\t\t\t\t\t\t\t<\/div>\n\t\t<\/div>\n\t\t\t\t\t<\/div>\n\t\t<\/section>\n\t\t\t\t<section class=\"elementor-section elementor-top-section elementor-element elementor-element-8b26dfc elementor-section-boxed elementor-section-height-default elementor-section-height-default\" data-id=\"8b26dfc\" data-element_type=\"section\" data-e-type=\"section\">\n\t\t\t\t\t\t<div class=\"elementor-container elementor-column-gap-default\">\n\t\t\t\t\t<div class=\"elementor-column elementor-col-25 elementor-top-column elementor-element elementor-element-dbb1b2a\" data-id=\"dbb1b2a\" data-element_type=\"column\" data-e-type=\"column\">\n\t\t\t<div class=\"elementor-widget-wrap elementor-element-populated\">\n\t\t\t\t\t\t<div class=\"elementor-element elementor-element-0bc7ee5 elementor-widget elementor-widget-text-editor\" data-id=\"0bc7ee5\" data-element_type=\"widget\" data-e-type=\"widget\" data-widget_type=\"text-editor.default\">\n\t\t\t\t<div class=\"elementor-widget-container\">\n\t\t\t\t\t\t\t\t\t<p><span style=\"text-decoration: underline;\">Press:<\/span><\/p><p>L&#8217;Orient<\/p>\t\t\t\t\t\t\t\t<\/div>\n\t\t\t\t<\/div>\n\t\t\t\t<div class=\"elementor-element elementor-element-9f359b1 elementor-widget elementor-widget-image\" data-id=\"9f359b1\" data-element_type=\"widget\" data-e-type=\"widget\" data-widget_type=\"image.default\">\n\t\t\t\t<div class=\"elementor-widget-container\">\n\t\t\t\t\t\t\t\t\t\t\t\t\t\t\t\t<a href=\"https:\/\/karinewehbe.com\/wp-content\/uploads\/2018\/07\/Lorient.jpg\" data-elementor-open-lightbox=\"yes\" data-elementor-lightbox-title=\"L&#039;orient\" data-e-action-hash=\"#elementor-action%3Aaction%3Dlightbox%26settings%3DeyJpZCI6NTkyLCJ1cmwiOiJodHRwczpcL1wva2FyaW5ld2VoYmUuY29tXC93cC1jb250ZW50XC91cGxvYWRzXC8yMDE4XC8wN1wvTG9yaWVudC5qcGcifQ%3D%3D\">\n\t\t\t\t\t\t\t<img decoding=\"async\" width=\"150\" height=\"150\" src=\"https:\/\/karinewehbe.com\/wp-content\/uploads\/2018\/07\/Lorient-150x150.jpg\" class=\"attachment-thumbnail size-thumbnail wp-image-592\" alt=\"\" srcset=\"https:\/\/karinewehbe.com\/wp-content\/uploads\/2018\/07\/Lorient-150x150.jpg 150w, https:\/\/karinewehbe.com\/wp-content\/uploads\/2018\/07\/Lorient-640x640.jpg 640w, https:\/\/karinewehbe.com\/wp-content\/uploads\/2018\/07\/Lorient-1200x1200.jpg 1200w\" sizes=\"(max-width: 150px) 100vw, 150px\" \/>\t\t\t\t\t\t\t\t<\/a>\n\t\t\t\t\t\t\t\t\t\t\t\t\t\t\t<\/div>\n\t\t\t\t<\/div>\n\t\t\t\t\t<\/div>\n\t\t<\/div>\n\t\t\t\t<div class=\"elementor-column elementor-col-25 elementor-top-column elementor-element elementor-element-4564070\" data-id=\"4564070\" data-element_type=\"column\" data-e-type=\"column\">\n\t\t\t<div class=\"elementor-widget-wrap elementor-element-populated\">\n\t\t\t\t\t\t<div class=\"elementor-element elementor-element-7576a07 elementor-widget elementor-widget-text-editor\" data-id=\"7576a07\" data-element_type=\"widget\" data-e-type=\"widget\" data-widget_type=\"text-editor.default\">\n\t\t\t\t<div class=\"elementor-widget-container\">\n\t\t\t\t\t\t\t\t\t<p>\u00a0<\/p><p>La revue du Liban<\/p>\t\t\t\t\t\t\t\t<\/div>\n\t\t\t\t<\/div>\n\t\t\t\t<div class=\"elementor-element elementor-element-abdecd5 elementor-widget elementor-widget-image\" data-id=\"abdecd5\" data-element_type=\"widget\" data-e-type=\"widget\" data-widget_type=\"image.default\">\n\t\t\t\t<div class=\"elementor-widget-container\">\n\t\t\t\t\t\t\t\t\t\t\t\t\t\t\t\t<a href=\"https:\/\/karinewehbe.com\/wp-content\/uploads\/2018\/07\/La-revue-du-Libanweb.jpg\" data-elementor-open-lightbox=\"yes\" data-elementor-lightbox-title=\"La revue du Libanweb\" data-e-action-hash=\"#elementor-action%3Aaction%3Dlightbox%26settings%3DeyJpZCI6NjU1LCJ1cmwiOiJodHRwczpcL1wva2FyaW5ld2VoYmUuY29tXC93cC1jb250ZW50XC91cGxvYWRzXC8yMDE4XC8wN1wvTGEtcmV2dWUtZHUtTGliYW53ZWIuanBnIn0%3D\">\n\t\t\t\t\t\t\t<img decoding=\"async\" width=\"150\" height=\"150\" src=\"https:\/\/karinewehbe.com\/wp-content\/uploads\/2018\/07\/La-revue-du-Libanweb-150x150.jpg\" class=\"attachment-thumbnail size-thumbnail wp-image-655\" alt=\"\" srcset=\"https:\/\/karinewehbe.com\/wp-content\/uploads\/2018\/07\/La-revue-du-Libanweb-150x150.jpg 150w, https:\/\/karinewehbe.com\/wp-content\/uploads\/2018\/07\/La-revue-du-Libanweb-640x640.jpg 640w, https:\/\/karinewehbe.com\/wp-content\/uploads\/2018\/07\/La-revue-du-Libanweb-1200x1200.jpg 1200w\" sizes=\"(max-width: 150px) 100vw, 150px\" \/>\t\t\t\t\t\t\t\t<\/a>\n\t\t\t\t\t\t\t\t\t\t\t\t\t\t\t<\/div>\n\t\t\t\t<\/div>\n\t\t\t\t\t<\/div>\n\t\t<\/div>\n\t\t\t\t<div class=\"elementor-column elementor-col-25 elementor-top-column elementor-element elementor-element-9cf44ef\" data-id=\"9cf44ef\" data-element_type=\"column\" data-e-type=\"column\">\n\t\t\t<div class=\"elementor-widget-wrap elementor-element-populated\">\n\t\t\t\t\t\t<div class=\"elementor-element elementor-element-6f0fd6f elementor-widget elementor-widget-text-editor\" data-id=\"6f0fd6f\" data-element_type=\"widget\" data-e-type=\"widget\" data-widget_type=\"text-editor.default\">\n\t\t\t\t<div class=\"elementor-widget-container\">\n\t\t\t\t\t\t\t\t\t<p>\u00a0<\/p><p>Nahar<\/p>\t\t\t\t\t\t\t\t<\/div>\n\t\t\t\t<\/div>\n\t\t\t\t<div class=\"elementor-element elementor-element-056c315 elementor-widget elementor-widget-image\" data-id=\"056c315\" data-element_type=\"widget\" data-e-type=\"widget\" data-widget_type=\"image.default\">\n\t\t\t\t<div class=\"elementor-widget-container\">\n\t\t\t\t\t\t\t\t\t\t\t\t\t\t\t\t<a href=\"https:\/\/karinewehbe.com\/wp-content\/uploads\/2018\/07\/Nahar.png\" data-elementor-open-lightbox=\"yes\" data-elementor-lightbox-title=\"Nahar\" data-e-action-hash=\"#elementor-action%3Aaction%3Dlightbox%26settings%3DeyJpZCI6NjU5LCJ1cmwiOiJodHRwczpcL1wva2FyaW5ld2VoYmUuY29tXC93cC1jb250ZW50XC91cGxvYWRzXC8yMDE4XC8wN1wvTmFoYXIucG5nIn0%3D\">\n\t\t\t\t\t\t\t<img decoding=\"async\" width=\"150\" height=\"150\" src=\"https:\/\/karinewehbe.com\/wp-content\/uploads\/2018\/07\/Nahar-150x150.png\" class=\"attachment-thumbnail size-thumbnail wp-image-659\" alt=\"\" srcset=\"https:\/\/karinewehbe.com\/wp-content\/uploads\/2018\/07\/Nahar-150x150.png 150w, https:\/\/karinewehbe.com\/wp-content\/uploads\/2018\/07\/Nahar-640x640.png 640w\" sizes=\"(max-width: 150px) 100vw, 150px\" \/>\t\t\t\t\t\t\t\t<\/a>\n\t\t\t\t\t\t\t\t\t\t\t\t\t\t\t<\/div>\n\t\t\t\t<\/div>\n\t\t\t\t\t<\/div>\n\t\t<\/div>\n\t\t\t\t<div class=\"elementor-column elementor-col-25 elementor-top-column elementor-element elementor-element-265b37b\" data-id=\"265b37b\" data-element_type=\"column\" data-e-type=\"column\">\n\t\t\t<div class=\"elementor-widget-wrap elementor-element-populated\">\n\t\t\t\t\t\t\t<\/div>\n\t\t<\/div>\n\t\t\t\t\t<\/div>\n\t\t<\/section>\n\t\t\t\t<section class=\"elementor-section elementor-top-section elementor-element elementor-element-41f57bc elementor-section-boxed elementor-section-height-default elementor-section-height-default\" data-id=\"41f57bc\" data-element_type=\"section\" data-e-type=\"section\">\n\t\t\t\t\t\t<div class=\"elementor-container elementor-column-gap-default\">\n\t\t\t\t\t<div class=\"elementor-column elementor-col-50 elementor-top-column elementor-element elementor-element-5df60e3\" data-id=\"5df60e3\" data-element_type=\"column\" data-e-type=\"column\">\n\t\t\t<div class=\"elementor-widget-wrap elementor-element-populated\">\n\t\t\t\t\t\t<div class=\"elementor-element elementor-element-610c68d elementor-widget elementor-widget-text-editor\" data-id=\"610c68d\" data-element_type=\"widget\" data-e-type=\"widget\" data-widget_type=\"text-editor.default\">\n\t\t\t\t<div class=\"elementor-widget-container\">\n\t\t\t\t\t\t\t\t\t<p>____<br \/>L&#8217;\u00e9treinte&#8230;&#8230;&#8230;&#8230;&#8230;&#8230;&#8230;&#8230;&#8230;&#8230;&#8230;&#8230;&#8230;&#8230;&#8230;&#8230;&#8230;&#8230;. Philippe Azoury<\/p><p>Qui peut dire la trace que le cin\u00e9ma laissera en nous ? Qui sait d&#8217;avance \u00e0 quoi ressemblera<br \/>cette trace ? \u00e0 un baiser ou \u00e0 une cicatrice ? Les films se d\u00e9posent si doucement sur nos paupi\u00e8res qu&#8217;on ne les sent pas toujours s&#8217;inscrire. Nous vivons un r\u00eave. Il n&#8217;y a pas de choc, ce n&#8217;est pas vrai, sinon l&#8217;impact d&#8217;une image, d&#8217;une s\u00e9quence, d&#8217;une phrase interromprait son d\u00e9filement, du sang coulerait par afflux panique dans notre coeur et des larmes viendraient inonder notre visage ou le ravir de plaisir, on ne verrait plus rien, on ne pourrait plus voir, on tomberait sous le coup d&#8217;une \u00e9pilepsie soudaine, ce coup de foudre. Mais l&#8217;image ne dit pas l&#8217;effet qu&#8217;elle est en train de nous faire. Elle continue de faire semblant, de se reproduire sous d&#8217;autres images, de changer de peau, de nature, de sons et de signes 24 fois par seconde, exactement comme si de rien n&#8217;\u00e9tait. Aimer un film, c&#8217;est tomber amoureux d&#8217;un secret.<\/p><p>Le cin\u00e9ma, quand il s&#8217;est donn\u00e9 et quand on l&#8217;a re\u00e7u, a chang\u00e9 de nature. Il n&#8217;est plus, il ne peut plus \u00eatre, une image en mouvement. C&#8217;est pourquoi il fait mine de ne pas voir qu&#8217;il a \u00e9t\u00e9 vu, de ne pas entendre la passion que le spectateur, ce commotionn\u00e9 sentimental, lui signifie. Mais pour com<i>bien de temps encore, ce semblant d&#8217;ignorance ? Une image s&#8217;est<br \/>cristallis\u00e9e, une image est n\u00e9e d&#8217;une autre image, une image s&#8217;est retir\u00e9e d&#8217;elle m\u00eame du mouvement, un son s&#8217;est arrach\u00e9 au continuum. D&#8217;elle-m\u00eame? Pourtant, on se souvient \u00eatre venu la chercher, avoir mis nos mains dans le film, plong\u00e9 en son ventre. On est entr\u00e9 dans la salle pour arracher l&#8217;image \u00e0 la m\u00e9canique d&#8217;entra\u00eenement, repartir avec ce viol l\u00e0, une \u00e9treinte. Si les choses avaient un sens, je m&#8217;enfuirais du cin\u00e9ma comme un voleur, avec une image, ou une s\u00e9rie, sous le bras, que je tiendrais serr\u00e9e contre moi. Et cette image manquerait \u00e0 jamais au film, elle y serrait comme un trou. Elle serait \u00e0 moi, et \u00e0 moi seulement. Mon petit f\u00e9tiche. Mon amour. Ma cicatrice. Enfant, Antoine Doinel n&#8217;a jamais vol\u00e9 que deux choses : une photo de Monika, prise dans la pl\u00e9nitude z\u00e9nithale de l&#8217;\u00eele de Far\u00f6, une photo de Monika en train de jouir du soleil et de sa libert\u00e9, et une machine \u00e0 \u00e9crire. Pour \u00e9crire sur l&#8217;image. Pour la rejoindre. Pour aller avec elle : dans le soleil, dans la jouissance.<\/i><\/p><p><i>L&#8217;horreur des films, c&#8217;est que l&#8217;Eden qu&#8217;ils nous accordent puisse appartenir \u00e0 d&#8217;autres. On les voudrait pour soi. Comment peut-on \u00eatre autant \u00e0 les voir se d\u00e9shabiller devant nous et continuer de croire qu&#8217;ils ne l&#8217;ont jamais fait que pour nous seuls. Un jour, on ne sait plus pourquoi on \u00e9crit sur les images que l&#8217;on aime ou qui nous font mal, pourquoi on en vient \u00e0 les peindre, \u00e0 les coucher sur toile. S\u00fbrement pas pour en avoir le coeur net. Et encore moins pour les poss\u00e9der. On peint et on \u00e9crit pour se rassurer : on n&#8217;a rien vu. Il ne s&#8217;est rien pass\u00e9 d&#8217;autre qu&#8217;un dr\u00f4le de moment d&#8217;amn\u00e9sie. Voil\u00e0 ce qu&#8217;on \u00e9crit et voil\u00e0 ce que l&#8217;on peint : notre amn\u00e9sie. On \u00e9crit et on peint le vortex dans nos yeux, quand l&#8217;image qui vient d&#8217;y entrer d\u00e9j\u00e0 n&#8217;y est plus, n&#8217;y sera jamais, de passage en nous, agissant \u00e0 sa guise. On \u00e9crit et on peint le passage d&#8217;une image en nous. On ne retient rien, on ne retient pas. On \u00e9crit et on peint pour se r\u00e9veiller de ce flou. Mais on n&#8217;en sort pas, ce serait si simple, maintenant qu&#8217;on a \u00e9crit, maintenant que l&#8217;on a peint, une autre image, soeur incertaine de l&#8217;image est venue se superposer sur l&#8217;image. Elle existe, cette seconde image, pour d\u00e9tacher l&#8217;image du r\u00e9cit et pr\u00e9venir (mais pr\u00e9venir qui ?) d&#8217;un danger en cours : il y a un ab\u00eeme, un trou, et il nous a aval\u00e9.<\/i><\/p>\t\t\t\t\t\t\t\t<\/div>\n\t\t\t\t<\/div>\n\t\t\t\t\t<\/div>\n\t\t<\/div>\n\t\t\t\t<div class=\"elementor-column elementor-col-50 elementor-top-column elementor-element elementor-element-7c61c94\" data-id=\"7c61c94\" data-element_type=\"column\" data-e-type=\"column\">\n\t\t\t<div class=\"elementor-widget-wrap\">\n\t\t\t\t\t\t\t<\/div>\n\t\t<\/div>\n\t\t\t\t\t<\/div>\n\t\t<\/section>\n\t\t\t\t<\/div>\n\t\t","protected":false},"excerpt":{"rendered":"<p>Smart Slider with ID: 9 Vivre sa Vie; paintings and publication (2006) In 2006, I worked on Vivre sa Vie, a series of paintings and a publication, that was one of the last exhibitions at Espace SD (1999-2006).\u00a0 Vivre sa Vie is a visual reinterpretation of cinema&#8217;s notion of passion. All of the films I [&hellip;]<\/p>\n","protected":false},"author":1,"featured_media":0,"parent":0,"menu_order":0,"comment_status":"closed","ping_status":"closed","template":"","meta":{"site-sidebar-layout":"default","site-content-layout":"","ast-site-content-layout":"default","site-content-style":"default","site-sidebar-style":"default","ast-global-header-display":"","ast-banner-title-visibility":"","ast-main-header-display":"","ast-hfb-above-header-display":"","ast-hfb-below-header-display":"","ast-hfb-mobile-header-display":"","site-post-title":"","ast-breadcrumbs-content":"","ast-featured-img":"","footer-sml-layout":"","ast-disable-related-posts":"","theme-transparent-header-meta":"","adv-header-id-meta":"","stick-header-meta":"","header-above-stick-meta":"","header-main-stick-meta":"","header-below-stick-meta":"","astra-migrate-meta-layouts":"default","ast-page-background-enabled":"default","ast-page-background-meta":{"desktop":{"background-color":"var(--ast-global-color-4)","background-image":"","background-repeat":"repeat","background-position":"center center","background-size":"auto","background-attachment":"scroll","background-type":"","background-media":"","overlay-type":"","overlay-color":"","overlay-opacity":"","overlay-gradient":""},"tablet":{"background-color":"","background-image":"","background-repeat":"repeat","background-position":"center center","background-size":"auto","background-attachment":"scroll","background-type":"","background-media":"","overlay-type":"","overlay-color":"","overlay-opacity":"","overlay-gradient":""},"mobile":{"background-color":"","background-image":"","background-repeat":"repeat","background-position":"center center","background-size":"auto","background-attachment":"scroll","background-type":"","background-media":"","overlay-type":"","overlay-color":"","overlay-opacity":"","overlay-gradient":""}},"ast-content-background-meta":{"desktop":{"background-color":"var(--ast-global-color-5)","background-image":"","background-repeat":"repeat","background-position":"center center","background-size":"auto","background-attachment":"scroll","background-type":"","background-media":"","overlay-type":"","overlay-color":"","overlay-opacity":"","overlay-gradient":""},"tablet":{"background-color":"var(--ast-global-color-5)","background-image":"","background-repeat":"repeat","background-position":"center center","background-size":"auto","background-attachment":"scroll","background-type":"","background-media":"","overlay-type":"","overlay-color":"","overlay-opacity":"","overlay-gradient":""},"mobile":{"background-color":"var(--ast-global-color-5)","background-image":"","background-repeat":"repeat","background-position":"center center","background-size":"auto","background-attachment":"scroll","background-type":"","background-media":"","overlay-type":"","overlay-color":"","overlay-opacity":"","overlay-gradient":""}},"footnotes":""},"class_list":["post-374","page","type-page","status-publish","hentry"],"_links":{"self":[{"href":"https:\/\/karinewehbe.com\/index.php?rest_route=\/wp\/v2\/pages\/374","targetHints":{"allow":["GET"]}}],"collection":[{"href":"https:\/\/karinewehbe.com\/index.php?rest_route=\/wp\/v2\/pages"}],"about":[{"href":"https:\/\/karinewehbe.com\/index.php?rest_route=\/wp\/v2\/types\/page"}],"author":[{"embeddable":true,"href":"https:\/\/karinewehbe.com\/index.php?rest_route=\/wp\/v2\/users\/1"}],"replies":[{"embeddable":true,"href":"https:\/\/karinewehbe.com\/index.php?rest_route=%2Fwp%2Fv2%2Fcomments&post=374"}],"version-history":[{"count":23,"href":"https:\/\/karinewehbe.com\/index.php?rest_route=\/wp\/v2\/pages\/374\/revisions"}],"predecessor-version":[{"id":778,"href":"https:\/\/karinewehbe.com\/index.php?rest_route=\/wp\/v2\/pages\/374\/revisions\/778"}],"wp:attachment":[{"href":"https:\/\/karinewehbe.com\/index.php?rest_route=%2Fwp%2Fv2%2Fmedia&parent=374"}],"curies":[{"name":"wp","href":"https:\/\/api.w.org\/{rel}","templated":true}]}}